{"id":22,"date":"2026-02-16T14:32:19","date_gmt":"2026-02-16T14:32:19","guid":{"rendered":"https:\/\/notariusz-nysa.pl\/?page_id=22"},"modified":"2026-04-03T13:49:03","modified_gmt":"2026-04-03T13:49:03","slug":"czynnosci-notarialne","status":"publish","type":"page","link":"https:\/\/notariusz-nysa.pl\/?page_id=22","title":{"rendered":"Czynno\u015bci Notarialne"},"content":{"rendered":"<section class=\"bde-section-22-100 bde-section\">\n  \n  \n\t\n\n\n\n<div class=\"section-container\"><h1 class=\"bde-heading-22-101 bde-heading\">\nCzynno\u015bci Notarialne\n<\/h1><div class=\"bde-text-22-102 bde-text\">\nZapewniamy kompleksowe wsparcie w zakresie czynno\u015bci notarialnych, gwarantuj\u0105c bezpiecze\u0144stwo prawne, pe\u0142n\u0105 zgodno\u015b\u0107 z obowi\u0105zuj\u0105cymi przepisami oraz sprawny przebieg ka\u017cdej formalno\u015bci. Wsp\u00f3\u0142pracujemy zar\u00f3wno z klientami indywidualnymi, jak i przedsi\u0119biorcami, pomagaj\u0105c w przygotowaniu dokument\u00f3w oraz koordynacji ca\u0142ego procesu.\n<\/div><\/div>\n<\/section><section class=\"bde-section-22-103 bde-section\">\n  \n  \n\t\n\n\n\n<div class=\"section-container\"><div class=\"bde-columns-22-104 bde-columns\"><div class=\"bde-column-22-105 bde-column\">\n  \n  \n\t\n\n\n\n<img decoding=\"async\" class=\"bde-image2-22-194 bde-image2\" src=\"https:\/\/notariusz-nysa.pl\/wp-content\/uploads\/2026\/02\/234436592.png\" loading=\"lazy\" srcset=\"https:\/\/notariusz-nysa.pl\/wp-content\/uploads\/2026\/02\/234436592.png 1042w, https:\/\/notariusz-nysa.pl\/wp-content\/uploads\/2026\/02\/234436592-300x128.png 300w, https:\/\/notariusz-nysa.pl\/wp-content\/uploads\/2026\/02\/234436592-1024x435.png 1024w, https:\/\/notariusz-nysa.pl\/wp-content\/uploads\/2026\/02\/234436592-768x327.png 768w\" sizes=\"(max-width: 1042px) 100vw, 1042px\">\n<\/div><div class=\"bde-column-22-106 bde-column\">\n  \n  \n\t\n\n\n\n<h3 class=\"bde-heading-22-109 bde-heading\">\nZakres czynno\u015bci notarialnych\n<\/h3><div class=\"bde-text-22-110 bde-text\">\nNaszym celem jest maksymalne uproszczenie procedur zwi\u0105zanych z wizyt\u0105 u notariusza, tak aby ka\u017cda czynno\u015b\u0107 przebiega\u0142a szybko, bezpiecznie i bez zb\u0119dnych komplikacji.\n<\/div><div class=\"bde-text-22-198 bde-text\">\nOferujemy wsparcie przy przygotowaniu i realizacji takich czynno\u015bci jak:\n<\/div><div class=\"bde-rich-text-22-199 bde-rich-text breakdance-rich-text-styles\">\n<ul>\n<li>akty notarialne<\/li>\n<li>umowy sprzeda\u017cy nieruchomo\u015bci<\/li>\n<li>darowizny<\/li>\n<li>umowy przedwst\u0119pne<\/li>\n<li>pe\u0142nomocnictwa<\/li>\n<li>po\u015bwiadczenia podpis\u00f3w<\/li>\n<li>po\u015bwiadczenia zgodno\u015bci dokument\u00f3w z orygina\u0142em<\/li>\n<li>testamenty<\/li>\n<li>umowy sp\u00f3\u0142ek<\/li>\n<li>protoko\u0142y zgromadze\u0144 i uchwa\u0142<\/li>\n<li>ustanawianie hipotek i s\u0142u\u017cebno\u015bci<\/li>\n<li>podzia\u0142y maj\u0105tku i umowy maj\u0105tkowe ma\u0142\u017ce\u0144skie<\/li>\n<\/ul>\n<\/div><div class=\"bde-div-22-113 bde-div\">\n  \n  \n\t\n\n\n\n<div class=\"bde-icon-box-22-114 bde-icon-box\">\n\n    \n            <div class=\"ee-iconbox-icon breakdance-icon-atom\" >\n    \n                    <svg xmlns=\"http:\/\/www.w3.org\/2000\/svg\" width=\"31\" height=\"30\" viewBox=\"0 0 31 30\" fill=\"none\">\n<path d=\"M30.1146 2.53413H24.8379C24.7322 2.53413 24.6308 2.57508 24.5561 2.64797C24.4814 2.72085 24.4394 2.81971 24.4394 2.92279C24.4394 2.98902 24.4608 3.04828 24.4903 3.10231V6.06344C24.4904 6.17196 24.4686 6.27944 24.4261 6.37972C24.3836 6.48 24.3212 6.57112 24.2425 6.64785C24.1638 6.72459 24.0704 6.78543 23.9676 6.82691C23.8648 6.86838 23.7546 6.88968 23.6433 6.88956H22.0012C21.8979 6.88956 21.7957 6.86972 21.7003 6.83119C21.6049 6.79265 21.5182 6.73616 21.4452 6.66495C21.3722 6.59374 21.3143 6.5092 21.2748 6.41616C21.2353 6.32312 21.2149 6.2234 21.2149 6.1227V3.15024C21.2676 3.08539 21.2971 3.00551 21.2989 2.92279C21.299 2.87172 21.2888 2.82113 21.2688 2.77392C21.2489 2.72672 21.2195 2.68382 21.1825 2.64771C21.1455 2.6116 21.1015 2.58297 21.0531 2.56348C21.0047 2.54399 20.9528 2.53402 20.9005 2.53413H10.2639C10.1583 2.53413 10.0569 2.57508 9.98217 2.64797C9.90745 2.72085 9.86546 2.81971 9.86546 2.92279C9.86546 2.98292 9.88244 3.03782 9.90746 3.08924V6.08435C9.90746 6.19021 9.88608 6.29503 9.84455 6.39283C9.80301 6.49062 9.74214 6.57949 9.6654 6.65434C9.58865 6.72919 9.49755 6.78856 9.39728 6.82907C9.29701 6.86958 9.18954 6.89043 9.08102 6.89043H7.62291C7.40159 6.89043 7.18933 6.80468 7.03284 6.65204C6.87634 6.4994 6.78843 6.29238 6.78843 6.07651V3.11102C6.8239 3.05423 6.84333 2.98928 6.84471 2.92279C6.84483 2.87172 6.8346 2.82113 6.81462 2.77392C6.79464 2.72672 6.76529 2.68382 6.72826 2.64771C6.69124 2.6116 6.64726 2.58297 6.59886 2.56348C6.55047 2.54399 6.4986 2.53402 6.44623 2.53413H0.886301C0.651467 2.53436 0.426305 2.62539 0.260168 2.78727C0.0940311 2.94915 0.000472862 3.16867 0 3.39772V29.1347C0 29.6122 0.397585 30 0.886301 30H30.1146C30.3496 29.9995 30.5748 29.9082 30.7408 29.7459C30.9068 29.5837 31 29.3639 31 29.1347V3.39772C30.9995 3.16883 30.9061 2.94944 30.7401 2.78758C30.5742 2.62573 30.3493 2.53459 30.1146 2.53413ZM30.1146 29.2227H0.886301C0.874493 29.2227 0.862801 29.2204 0.851903 29.216C0.841004 29.2115 0.831115 29.205 0.822807 29.1968C0.814499 29.1887 0.807936 29.179 0.803499 29.1683C0.799062 29.1576 0.796838 29.1462 0.796956 29.1347V9.72521H30.203V29.1338C30.2033 29.1453 30.2012 29.1568 30.1968 29.1675C30.1925 29.1782 30.1861 29.188 30.1778 29.1962C30.1696 29.2045 30.1598 29.2111 30.1489 29.2156C30.1381 29.2202 30.1264 29.2226 30.1146 29.2227Z\" fill=\"#108FEB\"\/>\n<path d=\"M8.4556 6.00418C8.67539 6.00418 8.85408 5.8299 8.85408 5.61552V0.38866C8.85408 0.33762 8.84377 0.287081 8.82375 0.239926C8.80372 0.192772 8.77437 0.149926 8.73737 0.113836C8.70037 0.0777455 8.65644 0.049117 8.60809 0.0295851C8.55975 0.0100531 8.50793 0 8.4556 0C8.40327 0 8.35146 0.0100531 8.30311 0.0295851C8.25476 0.049117 8.21084 0.0777455 8.17383 0.113836C8.13683 0.149926 8.10748 0.192772 8.08745 0.239926C8.06743 0.287081 8.05712 0.33762 8.05712 0.38866V5.61639C8.05712 5.83077 8.23581 6.00418 8.4556 6.00418ZM22.8884 6.00418C23.1082 6.00418 23.2869 5.8299 23.2869 5.61552V0.38866C23.2869 0.33762 23.2765 0.287081 23.2565 0.239926C23.2365 0.192772 23.2071 0.149926 23.1701 0.113836C23.1331 0.0777455 23.0892 0.049117 23.0409 0.0295851C22.9925 0.0100531 22.9407 0 22.8884 0C22.8361 0 22.7842 0.0100531 22.7359 0.0295851C22.6875 0.049117 22.6436 0.0777455 22.6066 0.113836C22.5696 0.149926 22.5403 0.192772 22.5202 0.239926C22.5002 0.287081 22.4899 0.33762 22.4899 0.38866V5.61639C22.4899 5.83077 22.6677 6.00418 22.8884 6.00418Z\" fill=\"#108FEB\"\/>\n<path d=\"M6.3962 15.6048C7.60907 15.6048 8.5923 14.6458 8.5923 13.4628C8.5923 12.2798 7.60907 11.3208 6.3962 11.3208C5.18333 11.3208 4.2001 12.2798 4.2001 13.4628C4.2001 14.6458 5.18333 15.6048 6.3962 15.6048Z\" fill=\"#108FEB\"\/>\n<path d=\"M12.7075 15.6048C13.9204 15.6048 14.9036 14.6458 14.9036 13.4628C14.9036 12.2798 13.9204 11.3208 12.7075 11.3208C11.4947 11.3208 10.5114 12.2798 10.5114 13.4628C10.5114 14.6458 11.4947 15.6048 12.7075 15.6048Z\" fill=\"#108FEB\"\/>\n<path d=\"M19.018 15.6048C20.2308 15.6048 21.2141 14.6458 21.2141 13.4628C21.2141 12.2798 20.2308 11.3208 19.018 11.3208C17.8051 11.3208 16.8219 12.2798 16.8219 13.4628C16.8219 14.6458 17.8051 15.6048 19.018 15.6048Z\" fill=\"#108FEB\"\/>\n<path d=\"M6.3962 21.5697C7.60907 21.5697 8.5923 20.6107 8.5923 19.4278C8.5923 18.2448 7.60907 17.2858 6.3962 17.2858C5.18333 17.2858 4.2001 18.2448 4.2001 19.4278C4.2001 20.6107 5.18333 21.5697 6.3962 21.5697Z\" fill=\"#108FEB\"\/>\n<path d=\"M12.7075 21.5697C13.9204 21.5697 14.9036 20.6107 14.9036 19.4278C14.9036 18.2448 13.9204 17.2858 12.7075 17.2858C11.4947 17.2858 10.5114 18.2448 10.5114 19.4278C10.5114 20.6107 11.4947 21.5697 12.7075 21.5697Z\" fill=\"#108FEB\"\/>\n<path d=\"M19.018 21.5697C20.2308 21.5697 21.2141 20.6107 21.2141 19.4278C21.2141 18.2448 20.2308 17.2858 19.018 17.2858C17.8051 17.2858 16.8219 18.2448 16.8219 19.4278C16.8219 20.6107 17.8051 21.5697 19.018 21.5697Z\" fill=\"#108FEB\"\/>\n<path d=\"M6.3962 27.5347C7.60907 27.5347 8.5923 26.5757 8.5923 25.3927C8.5923 24.2097 7.60907 23.2507 6.3962 23.2507C5.18333 23.2507 4.2001 24.2097 4.2001 25.3927C4.2001 26.5757 5.18333 27.5347 6.3962 27.5347Z\" fill=\"#108FEB\"\/>\n<path d=\"M12.7075 27.5347C13.9204 27.5347 14.9036 26.5757 14.9036 25.3927C14.9036 24.2097 13.9204 23.2507 12.7075 23.2507C11.4947 23.2507 10.5114 24.2097 10.5114 25.3927C10.5114 26.5757 11.4947 27.5347 12.7075 27.5347Z\" fill=\"#108FEB\"\/>\n<path d=\"M19.018 27.5347C20.2308 27.5347 21.2141 26.5757 21.2141 25.3927C21.2141 24.2097 20.2308 23.2507 19.018 23.2507C17.8051 23.2507 16.8219 24.2097 16.8219 25.3927C16.8219 26.5757 17.8051 27.5347 19.018 27.5347Z\" fill=\"#108FEB\"\/>\n<path d=\"M25.181 15.6048C26.3938 15.6048 27.3771 14.6458 27.3771 13.4628C27.3771 12.2798 26.3938 11.3208 25.181 11.3208C23.9681 11.3208 22.9849 12.2798 22.9849 13.4628C22.9849 14.6458 23.9681 15.6048 25.181 15.6048Z\" fill=\"#108FEB\"\/>\n<path d=\"M25.181 21.5697C26.3938 21.5697 27.3771 20.6107 27.3771 19.4278C27.3771 18.2448 26.3938 17.2858 25.181 17.2858C23.9681 17.2858 22.9849 18.2448 22.9849 19.4278C22.9849 20.6107 23.9681 21.5697 25.181 21.5697Z\" fill=\"#108FEB\"\/>\n<path d=\"M25.181 27.5347C26.3938 27.5347 27.3771 26.5757 27.3771 25.3927C27.3771 24.2097 26.3938 23.2507 25.181 23.2507C23.9681 23.2507 22.9849 24.2097 22.9849 25.3927C22.9849 26.5757 23.9681 27.5347 25.181 27.5347Z\" fill=\"#108FEB\"\/>\n<\/svg>\n        \n        \n        \n            <\/div>\n    \n\n<div class=\"ee-iconbox-content\">\n      <h5 class=\"ee-iconbox-title bde-h3\" >X Lat do\u015bwiadczenia<\/h5>\n        <div class=\"ee-iconbox-text\" >Lorem ipsum dolor sit amet, consectetur adipiscing elit. Nullam sed tristique est.<\/div>\n    <\/div>\n\n<\/div><div class=\"bde-icon-box-22-115 bde-icon-box\">\n\n    \n            <div class=\"ee-iconbox-icon breakdance-icon-atom\" >\n    \n                    <svg xmlns=\"http:\/\/www.w3.org\/2000\/svg\" width=\"34\" height=\"34\" viewBox=\"0 0 34 34\" fill=\"none\">\n<path d=\"M6.375 29.75C6.375 29.75 4.25 29.75 4.25 27.625C4.25 25.5 6.375 19.125 17 19.125C27.625 19.125 29.75 25.5 29.75 27.625C29.75 29.75 27.625 29.75 27.625 29.75H6.375ZM17 17C18.6908 17 20.3123 16.3284 21.5078 15.1328C22.7034 13.9373 23.375 12.3158 23.375 10.625C23.375 8.93425 22.7034 7.31274 21.5078 6.11719C20.3123 4.92165 18.6908 4.25 17 4.25C15.3092 4.25 13.6877 4.92165 12.4922 6.11719C11.2966 7.31274 10.625 8.93425 10.625 10.625C10.625 12.3158 11.2966 13.9373 12.4922 15.1328C13.6877 16.3284 15.3092 17 17 17Z\" fill=\"#108FEB\"\/>\n<\/svg>\n        \n        \n        \n            <\/div>\n    \n\n<div class=\"ee-iconbox-content\">\n      <h5 class=\"ee-iconbox-title bde-h3\" >1000+ Klient\u00f3w<\/h5>\n        <div class=\"ee-iconbox-text\" >Lorem ipsum dolor sit amet, consectetur adipiscing elit. Nullam sed tristique est.<\/div>\n    <\/div>\n\n<\/div>\n<\/div><div class=\"bde-button-22-112 bde-button\">\n    \n                        \n                        \n    \n    \n    \n    \n            \n            <button type=\"button\" class=\"button-atom button-atom--custom bde-button__button\"  >\n    \n        <span class=\"button-atom__text\">Book now<\/span>\n\n                            \n        \n            <\/button>\n    \n\n\n<\/div>\n<\/div><\/div><\/div>\n<\/section>","protected":false},"excerpt":{"rendered":"<p>Czynno\u015bci Notarialne Zapewniamy kompleksowe wsparcie w zakresie czynno\u015bci notarialnych, gwarantuj\u0105c bezpiecze\u0144stwo prawne, pe\u0142n\u0105 zgodno\u015b\u0107 z obowi\u0105zuj\u0105cymi przepisami oraz sprawny przebieg ka\u017cdej formalno\u015bci. Wsp\u00f3\u0142pracujemy zar\u00f3wno z klientami indywidualnymi, jak i przedsi\u0119biorcami, pomagaj\u0105c w przygotowaniu dokument\u00f3w oraz koordynacji ca\u0142ego procesu. Zakres czynno\u015bci notarialnych Naszym celem jest maksymalne uproszczenie procedur zwi\u0105zanych z wizyt\u0105 u notariusza, tak aby ka\u017cda [&hellip;]<\/p>\n","protected":false},"author":1,"featured_media":0,"parent":0,"menu_order":0,"comment_status":"closed","ping_status":"closed","template":"","meta":{"_breakdance_hide_in_design_set":false,"_breakdance_tags":"","footnotes":""},"class_list":["post-22","page","type-page","status-publish","hentry"],"_links":{"self":[{"href":"https:\/\/notariusz-nysa.pl\/index.php?rest_route=\/wp\/v2\/pages\/22","targetHints":{"allow":["GET"]}}],"collection":[{"href":"https:\/\/notariusz-nysa.pl\/index.php?rest_route=\/wp\/v2\/pages"}],"about":[{"href":"https:\/\/notariusz-nysa.pl\/index.php?rest_route=\/wp\/v2\/types\/page"}],"author":[{"embeddable":true,"href":"https:\/\/notariusz-nysa.pl\/index.php?rest_route=\/wp\/v2\/users\/1"}],"replies":[{"embeddable":true,"href":"https:\/\/notariusz-nysa.pl\/index.php?rest_route=%2Fwp%2Fv2%2Fcomments&post=22"}],"version-history":[{"count":3,"href":"https:\/\/notariusz-nysa.pl\/index.php?rest_route=\/wp\/v2\/pages\/22\/revisions"}],"predecessor-version":[{"id":53,"href":"https:\/\/notariusz-nysa.pl\/index.php?rest_route=\/wp\/v2\/pages\/22\/revisions\/53"}],"wp:attachment":[{"href":"https:\/\/notariusz-nysa.pl\/index.php?rest_route=%2Fwp%2Fv2%2Fmedia&parent=22"}],"curies":[{"name":"wp","href":"https:\/\/api.w.org\/{rel}","templated":true}]}}